{"id":20,"date":"2025-07-20T09:31:38","date_gmt":"2025-07-20T09:31:38","guid":{"rendered":"https:\/\/polskakazachstan.pl\/?page_id=20"},"modified":"2025-08-31T13:11:14","modified_gmt":"2025-08-31T13:11:14","slug":"informacje","status":"publish","type":"page","link":"https:\/\/polskakazachstan.pl\/?page_id=20","title":{"rendered":"O nas"},"content":{"rendered":"\n<p>Stowarzyszenie Polska &#8211; Kazachstan<\/p>\n\n\n\n<p>Celami Stowarzyszenia jest:<\/p>\n\n\n\n<p>1. Wspieranie integracji oraz rozwijanie kontakt\u00f3w i wsp\u00f3\u0142pracy mi\u0119dzy spo\u0142ecze\u0144stwami Polski i Kazachstanu a tak\u017ce z innymi pa\u0144stwami.<\/p>\n\n\n\n<p>2. Dzia\u0142alno\u015b\u0107 na rzecz integracji m\u0142odzie\u017cy i student\u00f3w z Polski i Kazachstanu oraz innych kraj\u00f3w.<\/p>\n\n\n\n<p>3. Zachowanie to\u017csamo\u015bci kulturowej i \u015bwiadomo\u015bci narodowej Kazach\u00f3w przez rozw\u00f3j i piel\u0119gnowanie j\u0119zyka, kultury i historii kazachskiej &nbsp;w Polsce oraz ochron\u0119 zabytk\u00f3w kultury materialnej i miejsc pami\u0119ci narodowej Kazach\u00f3w.<\/p>\n\n\n\n<p>4. Promocja i rozw\u00f3j \u015bwiadomo\u015bci ekologicznej w\u015br\u00f3d spo\u0142ecze\u0144stw Polski i Kazachstanu.<\/p>\n\n\n\n<p>5. Pomoc w dzia\u0142alno\u015bci humanitarnej w przypadkach katastrof b\u0105d\u017a kl\u0119sk \u017cywio\u0142owych.<\/p>\n\n\n\n<p>6. Upowszechnianie dzia\u0142a\u0144 kulturotw\u00f3rczych i artystycznych, wspieranie Kazachsko-Polskiej wymiany kulturalnej.<\/p>\n\n\n\n<p>7. Prowadzenie akcji charytatywnych i pomocowych, udzielanie wsparcia znajduj\u0105cym si\u0119 w trudnej sytuacji osobom w\u015br\u00f3d spo\u0142eczno\u015bci kazachskiej w Polsce i polskiej w Kazachstanie.<\/p>\n\n\n\n<p>8. Promocja i rozw\u00f3j r\u00f3\u017cnych form turystyki wyjazdowej i przyjazdowej do Polski i Kazachstanu. <\/p>\n\n\n\n<p>9.Inicjowanie i wspieranie dzia\u0142a\u0144 na rzecz bada\u0144 i upowszechniania wiedzy w zakresie problematyki kazachsta\u0144skiej, narodowo\u015bciowej&nbsp;i gospodarczej oraz powstawania i rozwoju plac\u00f3wek naukowo-badawczych. &nbsp;&nbsp;&nbsp;&nbsp;&nbsp;&nbsp;&nbsp;&nbsp;&nbsp;&nbsp;&nbsp;&nbsp;&nbsp;&nbsp;&nbsp;&nbsp;&nbsp;&nbsp;&nbsp;&nbsp;&nbsp;&nbsp;&nbsp;&nbsp;&nbsp;&nbsp;&nbsp;&nbsp;&nbsp;&nbsp;&nbsp;&nbsp;&nbsp;&nbsp;&nbsp;&nbsp;&nbsp;&nbsp;&nbsp;&nbsp;&nbsp;&nbsp;&nbsp;&nbsp;&nbsp;&nbsp;&nbsp;&nbsp;&nbsp;&nbsp;&nbsp;&nbsp;&nbsp;&nbsp;&nbsp;&nbsp;&nbsp;&nbsp;&nbsp;&nbsp;&nbsp;&nbsp;&nbsp;&nbsp;<\/p>\n\n\n\n<p>10.Przeciwdzia\u0142anie&nbsp;&nbsp; wszelkim&nbsp;&nbsp; formom&nbsp;&nbsp; dyskryminacji,&nbsp;&nbsp; marginalizacji&nbsp;&nbsp; i wykluczeniu spo\u0142ecznemu mniejszo\u015bci narodowych i etnicznych.<\/p>\n\n\n\n<p><strong>Zarz\u0105d Krajowy Stowarzyszenia Polska &#8211; Kazachstan<\/strong><\/p>\n\n\n\n<p>Jacek Mako\u015b &#8211; <em>Prezes Zarz\u0105du Krajowego<\/em><\/p>\n\n\n\n<p>Bogdan Jezierski &#8211; <em>Wiceprezes Zarz\u0105du Krajowego<\/em><\/p>\n\n\n\n<p>Janusz Turek &#8211; <em>Skarbnik Zarz\u0105du<\/em> <em>Krajowego<\/em><\/p>\n\n\n\n<p>Mateusz Burzy\u0144ski &#8211; <em>Sekretarz Zarz\u0105du Krajowego<\/em><\/p>\n\n\n\n<p>Izabela Steliga &#8211; <em>Lepucka &#8211; Cz\u0142onek Zarz\u0105du<\/em> <em>Krajowego<\/em><\/p>\n\n\n\n<p>Izabela Zajdel &#8211; <em>Cz\u0142onek Zarz\u0105du Krajowego<\/em><\/p>\n","protected":false},"excerpt":{"rendered":"<p>Stowarzyszenie Polska &#8211; Kazachstan Celami Stowarzyszenia jest: 1. Wspieranie integracji oraz rozwijanie kontakt\u00f3w i wsp\u00f3\u0142pracy mi\u0119dzy spo\u0142ecze\u0144stwami Polski i Kazachstanu a tak\u017ce z innymi pa\u0144stwami. 2. Dzia\u0142alno\u015b\u0107 na rzecz integracji m\u0142odzie\u017cy i student\u00f3w z Polski i Kazachstanu oraz innych kraj\u00f3w. 3. Zachowanie to\u017csamo\u015bci kulturowej i \u015bwiadomo\u015bci narodowej Kazach\u00f3w przez rozw\u00f3j i piel\u0119gnowanie j\u0119zyka, kultury i &hellip; <\/p>\n<p class=\"link-more\"><a href=\"https:\/\/polskakazachstan.pl\/?page_id=20\" class=\"more-link\">Czytaj dalej<span class=\"screen-reader-text\"> \u201eO nas\u201d<\/span><\/a><\/p>\n","protected":false},"author":1,"featured_media":40,"parent":0,"menu_order":0,"comment_status":"closed","ping_status":"closed","template":"","meta":{"footnotes":""},"class_list":["post-20","page","type-page","status-publish","has-post-thumbnail","hentry"],"_links":{"self":[{"href":"https:\/\/polskakazachstan.pl\/index.php?rest_route=\/wp\/v2\/pages\/20","targetHints":{"allow":["GET"]}}],"collection":[{"href":"https:\/\/polskakazachstan.pl\/index.php?rest_route=\/wp\/v2\/pages"}],"about":[{"href":"https:\/\/polskakazachstan.pl\/index.php?rest_route=\/wp\/v2\/types\/page"}],"author":[{"embeddable":true,"href":"https:\/\/polskakazachstan.pl\/index.php?rest_route=\/wp\/v2\/users\/1"}],"replies":[{"embeddable":true,"href":"https:\/\/polskakazachstan.pl\/index.php?rest_route=%2Fwp%2Fv2%2Fcomments&post=20"}],"version-history":[{"count":8,"href":"https:\/\/polskakazachstan.pl\/index.php?rest_route=\/wp\/v2\/pages\/20\/revisions"}],"predecessor-version":[{"id":82,"href":"https:\/\/polskakazachstan.pl\/index.php?rest_route=\/wp\/v2\/pages\/20\/revisions\/82"}],"wp:featuredmedia":[{"embeddable":true,"href":"https:\/\/polskakazachstan.pl\/index.php?rest_route=\/wp\/v2\/media\/40"}],"wp:attachment":[{"href":"https:\/\/polskakazachstan.pl\/index.php?rest_route=%2Fwp%2Fv2%2Fmedia&parent=20"}],"curies":[{"name":"wp","href":"https:\/\/api.w.org\/{rel}","templated":true}]}}